{"id":3348,"date":"2020-06-23T10:36:47","date_gmt":"2020-06-23T08:36:47","guid":{"rendered":"http:\/\/beta.bochumer-verein.de\/?page_id=3348"},"modified":"2021-01-19T08:32:55","modified_gmt":"2021-01-19T07:32:55","slug":"impressum-2","status":"publish","type":"page","link":"https:\/\/bt-be.de\/en\/impressum-2\/","title":{"rendered":"Impressum"},"content":{"rendered":"<div id=\"col_middle_sub\">\n<h1>Herausgeber<\/h1>\n<div id=\"ctl00_PlaceHolderMain_ctl02__ControlWrapper_ConsistentRichHtmlField\" class=\"ms-rtestate-field\" aria-labelledby=\"ctl00_PlaceHolderMain_ctl02_label\">\n<p class=\"el-Element-p\"><b>Kontaktdaten<\/b><br \/>\nBochumer Verein Verkehrstechnik GmbH<br \/>\nAlleestra\u00dfe 70<br \/>\nD-44793 Bochum<\/p>\n<p class=\"el-Element-p\">Tel.: +49 (0) 234 6891-0<br \/>\nFax: +49 (0) 234 6891-580<br \/>\ninfo@bochumer-verein.de<br \/>\nE-Mail: <a class=\"el-Style-MailTo\" href=\"mailto:info@bochumer-verein.de\">Kontakt<\/a><\/p>\n<p class=\"el-Element-p\"><strong>Handelsregister<\/strong><br \/>\nAmtsgericht Bochum, HRB 4860<\/p>\n<p class=\"el-Element-p\"><strong>Umsatzsteueridentifikationsnummer<\/strong><br \/>\nDE 811588336<\/p>\n<p class=\"el-Element-p\"><b>Gesch\u00e4ftsf\u00fchrung<br \/>\n<\/b>Stefan H\u00f6lzl<br \/>\nJ\u00f6rg M\u00fcller<b><br \/>\n<\/b>Dr. Baoli Wang<\/p>\n<p class=\"el-Element-p\"><strong>Vorsitzender des Aufsichtsrates<\/strong><br \/>\nRuiguo Xuan<\/p>\n<p class=\"el-Element-p\"><strong>Verantwortlicher i.S.d. Presserechts und \u00a7\u00a7 5 TMG, 55 RStV<\/strong><br \/>\nStefan H\u00f6lzl, Gesch\u00e4ftsf\u00fchrer (Anschrift wie oben)<\/p>\n<p class=\"el-Element-p\"><strong>Serverstandort<\/strong><br \/>\nBundesrepublik Deutschland<\/p>\n<\/div>\n<\/div>","protected":false},"excerpt":{"rendered":"<p>Herausgeber Kontaktdaten Bochumer Verein Verkehrstechnik GmbH Alleestra\u00dfe 70 D-44793 Bochum Tel.: +49 (0) 234 6891-0 Fax: +49 (0) 234 6891-580 info@bochumer-verein.de E-Mail: Kontakt Handelsregister Amtsgericht Bochum, HRB 4860 Umsatzsteueridentifikationsnummer DE&#8230;<\/p>\n","protected":false},"author":2,"featured_media":0,"parent":0,"menu_order":0,"comment_status":"closed","ping_status":"closed","template":"","meta":{"_bbp_topic_count":0,"_bbp_reply_count":0,"_bbp_total_topic_count":0,"_bbp_total_reply_count":0,"_bbp_voice_count":0,"_bbp_anonymous_reply_count":0,"_bbp_topic_count_hidden":0,"_bbp_reply_count_hidden":0,"_bbp_forum_subforum_count":0,"footnotes":""},"class_list":["post-3348","page","type-page","status-publish"],"_links":{"self":[{"href":"https:\/\/bt-be.de\/en\/wp-json\/wp\/v2\/pages\/3348","targetHints":{"allow":["GET"]}}],"collection":[{"href":"https:\/\/bt-be.de\/en\/wp-json\/wp\/v2\/pages"}],"about":[{"href":"https:\/\/bt-be.de\/en\/wp-json\/wp\/v2\/types\/page"}],"author":[{"embeddable":true,"href":"https:\/\/bt-be.de\/en\/wp-json\/wp\/v2\/users\/2"}],"replies":[{"embeddable":true,"href":"https:\/\/bt-be.de\/en\/wp-json\/wp\/v2\/comments?post=3348"}],"version-history":[{"count":6,"href":"https:\/\/bt-be.de\/en\/wp-json\/wp\/v2\/pages\/3348\/revisions"}],"predecessor-version":[{"id":6141,"href":"https:\/\/bt-be.de\/en\/wp-json\/wp\/v2\/pages\/3348\/revisions\/6141"}],"wp:attachment":[{"href":"https:\/\/bt-be.de\/en\/wp-json\/wp\/v2\/media?parent=3348"}],"curies":[{"name":"wp","href":"https:\/\/api.w.org\/{rel}","templated":true}]}}