{"id":3414,"date":"2018-08-02T21:10:48","date_gmt":"2018-08-02T19:10:48","guid":{"rendered":"http:\/\/beta.bochumer-verein.de\/?page_id=3414"},"modified":"2018-08-02T21:14:29","modified_gmt":"2018-08-02T19:14:29","slug":"gueterwagen-langlaufrad-klotzgebremst","status":"publish","type":"page","link":"https:\/\/bt-be.de\/en\/gueterwagen-langlaufrad-klotzgebremst\/","title":{"rendered":"Das gummigefederte BVV-Rad"},"content":{"rendered":"[vc_row type=&#8221;full_width_background&#8221; full_screen_row_position=&#8221;middle&#8221; bg_image=&#8221;7&#8243; bg_position=&#8221;left top&#8221; bg_repeat=&#8221;no-repeat&#8221; scene_position=&#8221;center&#8221; text_color=&#8221;dark&#8221; text_align=&#8221;left&#8221; top_padding=&#8221;11%&#8221; overlay_strength=&#8221;0.3&#8243; shape_divider_position=&#8221;bottom&#8221; shape_type=&#8221;&#8221;][vc_column column_padding=&#8221;no-extra-padding&#8221; column_padding_position=&#8221;all&#8221; background_color_opacity=&#8221;1&#8243; background_hover_color_opacity=&#8221;1&#8243; column_shadow=&#8221;none&#8221; column_border_radius=&#8221;none&#8221; width=&#8221;2\/3&#8243; tablet_text_alignment=&#8221;default&#8221; phone_text_alignment=&#8221;default&#8221; column_border_width=&#8221;none&#8221; column_border_style=&#8221;solid&#8221;][image_with_animation image_url=&#8221;2963&#8243; alignment=&#8221;&#8221; animation=&#8221;Fade In&#8221; border_radius=&#8221;none&#8221; box_shadow=&#8221;none&#8221; max_width=&#8221;100%&#8221; img_link=&#8221;#3D&#8221;][\/vc_column][vc_column column_padding=&#8221;no-extra-padding&#8221; column_padding_position=&#8221;all&#8221; background_color_opacity=&#8221;1&#8243; background_hover_color_opacity=&#8221;1&#8243; font_color=&#8221;#ffffff&#8221; column_shadow=&#8221;none&#8221; column_border_radius=&#8221;none&#8221; width=&#8221;1\/3&#8243; tablet_text_alignment=&#8221;default&#8221; phone_text_alignment=&#8221;default&#8221; column_border_width=&#8221;none&#8221; column_border_style=&#8221;solid&#8221;][nectar_animated_title heading_tag=&#8221;h2&#8243; style=&#8221;color-strip-reveal&#8221; color=&#8221;Accent-Color&#8221; text=&#8221; Das gummigefederte BVV-Rad mit Element-Federung&#8221;][nectar_animated_title heading_tag=&#8221;h3&#8243; style=&#8221;color-strip-reveal&#8221; color=&#8221;Accent-Color&#8221; text=&#8221;Das erfolgreichste Radkonzept f\u00fcr den Nahverkehr&#8221;][vc_column_text]<strong>BVV-R\u00e4der mit Element-Federung definieren weltweit den Standard bei gummigefederten R\u00e4dern auf der Normalstrecke. Sie sind sicher, komfortabel und schonend f\u00fcr Fahrzeuge, Fahrwege und angrenzende Bebauung. Laufleistung und Betriebsh\u00e4rte sind ausgesprochen hoch, der Service ist vorbildlich. Entsprechend gro\u00df sind Kundenzufriedenheit und weltweite Akzeptanz. Das Bauprinzip, bei dem speziell eingepasste Gummielemente den Radreifen von der Radfelge entkoppeln und die Konstruktion federn, ist seit Bo 54, dem Urtyp der weltweit erfolgreichen gummigefederten Bochumer R\u00e4der, f\u00fcr alle unsere normalgefederten R\u00e4der identisch. <\/strong>[\/vc_column_text][\/vc_column][\/vc_row][vc_row type=&#8221;in_container&#8221; full_screen_row_position=&#8221;middle&#8221; scene_position=&#8221;center&#8221; text_color=&#8221;dark&#8221; text_align=&#8221;left&#8221; top_padding=&#8221;40&#8243; bottom_padding=&#8221;10&#8243; overlay_strength=&#8221;0.3&#8243; shape_divider_position=&#8221;bottom&#8221; shape_type=&#8221;&#8221;][vc_column column_padding=&#8221;no-extra-padding&#8221; column_padding_position=&#8221;all&#8221; background_color_opacity=&#8221;1&#8243; background_hover_color_opacity=&#8221;1&#8243; column_shadow=&#8221;none&#8221; column_border_radius=&#8221;none&#8221; width=&#8221;1\/6&#8243; tablet_text_alignment=&#8221;default&#8221; phone_text_alignment=&#8221;default&#8221; column_border_width=&#8221;none&#8221; column_border_style=&#8221;solid&#8221; offset=&#8221;vc_col-lg-2 vc_col-md-4&#8243;][fancy_box box_style=&#8221;color_box_basic&#8221; icon_family=&#8221;none&#8221; box_color=&#8221;#e42032&#8243; box_color_opacity=&#8221;1&#8243; box_alignment=&#8221;left&#8221; min_height=&#8221;50&#8243;]\n<h4>Leicht<\/h4>\n<p style=\"font-size: 12px; line-height: normal;\">Radfelge aus Gewicht sparendem<\/p>\n[\/fancy_box][\/vc_column][vc_column column_padding=&#8221;no-extra-padding&#8221; column_padding_position=&#8221;all&#8221; background_color_opacity=&#8221;1&#8243; background_hover_color_opacity=&#8221;1&#8243; column_shadow=&#8221;none&#8221; column_border_radius=&#8221;none&#8221; width=&#8221;1\/6&#8243; tablet_text_alignment=&#8221;default&#8221; phone_text_alignment=&#8221;default&#8221; column_border_width=&#8221;none&#8221; column_border_style=&#8221;solid&#8221; offset=&#8221;vc_col-lg-2 vc_col-md-4&#8243;][fancy_box box_style=&#8221;color_box_basic&#8221; icon_family=&#8221;none&#8221; box_color=&#8221;#e42032&#8243; box_color_opacity=&#8221;1&#8243; box_alignment=&#8221;left&#8221; min_height=&#8221;50&#8243;]\n<h4 style=\"text-align: left;\" align=\"center\">Leise<\/h4>\n<p style=\"font-size: 12px; line-height: normal;\">Ger\u00e4uschd\u00e4mpfung durch hochd\u00e4m<\/p>\n[\/fancy_box][\/vc_column][vc_column column_padding=&#8221;no-extra-padding&#8221; column_padding_position=&#8221;all&#8221; background_color_opacity=&#8221;1&#8243; background_hover_color_opacity=&#8221;1&#8243; column_shadow=&#8221;none&#8221; column_border_radius=&#8221;none&#8221; width=&#8221;1\/6&#8243; tablet_text_alignment=&#8221;default&#8221; phone_text_alignment=&#8221;default&#8221; column_border_width=&#8221;none&#8221; column_border_style=&#8221;solid&#8221; offset=&#8221;vc_col-lg-2 vc_col-md-4&#8243;][fancy_box box_style=&#8221;color_box_basic&#8221; icon_family=&#8221;none&#8221; box_color=&#8221;#e42032&#8243; box_color_opacity=&#8221;1&#8243; box_alignment=&#8221;left&#8221; min_height=&#8221;50&#8243;]\n<h4 style=\"text-align: left;\" align=\"center\">Laufstark<\/h4>\n<p style=\"font-size: 12px; line-height: normal;\">Radreifen aus Hightech-Werkstoffen der<\/p>\n[\/fancy_box][\/vc_column][vc_column column_padding=&#8221;no-extra-padding&#8221; column_padding_position=&#8221;all&#8221; background_color_opacity=&#8221;1&#8243; background_hover_color_opacity=&#8221;1&#8243; column_shadow=&#8221;none&#8221; column_border_radius=&#8221;none&#8221; width=&#8221;1\/6&#8243; tablet_text_alignment=&#8221;default&#8221; phone_text_alignment=&#8221;default&#8221; column_border_width=&#8221;none&#8221; column_border_style=&#8221;solid&#8221; offset=&#8221;vc_col-lg-2 vc_col-md-4&#8243;][fancy_box box_style=&#8221;color_box_basic&#8221; icon_family=&#8221;none&#8221; box_color=&#8221;#e42032&#8243; box_color_opacity=&#8221;1&#8243; box_alignment=&#8221;left&#8221; min_height=&#8221;50&#8243;]\n<h4 style=\"text-align: left;\" align=\"center\">Hochverf\u00fcgbar<\/h4>\n<p style=\"font-size: 12px; line-height: normal;\">Verdrehungssichere Element-Federung mit<\/p>\n[\/fancy_box][\/vc_column][vc_column column_padding=&#8221;no-extra-padding&#8221; column_padding_position=&#8221;all&#8221; background_color_opacity=&#8221;1&#8243; background_hover_color_opacity=&#8221;1&#8243; column_shadow=&#8221;none&#8221; column_border_radius=&#8221;none&#8221; width=&#8221;1\/6&#8243; tablet_text_alignment=&#8221;default&#8221; phone_text_alignment=&#8221;default&#8221; column_border_width=&#8221;none&#8221; column_border_style=&#8221;solid&#8221; offset=&#8221;vc_col-lg-2 vc_col-md-4&#8243;][fancy_box box_style=&#8221;color_box_basic&#8221; icon_family=&#8221;none&#8221; box_color=&#8221;#e42032&#8243; box_color_opacity=&#8221;1&#8243; box_alignment=&#8221;left&#8221; min_height=&#8221;50&#8243;]\n<h4 style=\"text-align: left;\" align=\"center\">Variabel<\/h4>\n<p style=\"font-size: 12px; line-height: normal;\">Auf Strecke und Wagenkonzept mit<\/p>\n[\/fancy_box][\/vc_column][vc_column column_padding=&#8221;no-extra-padding&#8221; column_padding_position=&#8221;all&#8221; background_color_opacity=&#8221;1&#8243; background_hover_color_opacity=&#8221;1&#8243; column_shadow=&#8221;none&#8221; column_border_radius=&#8221;none&#8221; width=&#8221;1\/6&#8243; tablet_text_alignment=&#8221;default&#8221; phone_text_alignment=&#8221;default&#8221; column_border_width=&#8221;none&#8221; column_border_style=&#8221;solid&#8221; offset=&#8221;vc_col-lg-2 vc_col-md-4&#8243;][fancy_box box_style=&#8221;color_box_basic&#8221; icon_family=&#8221;none&#8221; box_color=&#8221;#e42032&#8243; box_color_opacity=&#8221;1&#8243; box_alignment=&#8221;left&#8221; min_height=&#8221;50&#8243;]\n<h4 style=\"text-align: left;\" align=\"center\">Servicefreundlich<\/h4>\n<p style=\"font-size: 12px; line-height: normal;\">Wartungsfreie Gummi-Elemente und<\/p>\n[\/fancy_box][\/vc_column][\/vc_row][vc_row type=&#8221;full_width_background&#8221; full_screen_row_position=&#8221;middle&#8221; bg_image=&#8221;7&#8243; bg_position=&#8221;left top&#8221; bg_repeat=&#8221;no-repeat&#8221; parallax_bg=&#8221;true&#8221; parallax_bg_speed=&#8221;slow&#8221; scene_position=&#8221;center&#8221; video_bg=&#8221;use_video&#8221; enable_video_color_overlay=&#8221;true&#8221; video_overlay_color=&#8221;#1e4961&#8243; video_mute=&#8221;true&#8221; video_external=&#8221;https:\/\/www.youtube.com\/watch?v=viyq3ytpX8M&#8221; text_color=&#8221;dark&#8221; text_align=&#8221;left&#8221; id=&#8221;3D&#8221; overlay_strength=&#8221;0.3&#8243; shape_divider_position=&#8221;bottom&#8221; shape_type=&#8221;&#8221;][vc_column column_padding=&#8221;no-extra-padding&#8221; column_padding_position=&#8221;all&#8221; background_color_opacity=&#8221;1&#8243; background_hover_color_opacity=&#8221;1&#8243; column_shadow=&#8221;none&#8221; column_border_radius=&#8221;none&#8221; width=&#8221;1\/1&#8243; tablet_text_alignment=&#8221;default&#8221; phone_text_alignment=&#8221;default&#8221; column_border_width=&#8221;none&#8221; column_border_style=&#8221;solid&#8221;][divider line_type=&#8221;No Line&#8221; custom_height=&#8221;60&#8243;][nectar_animated_title heading_tag=&#8221;h2&#8243; style=&#8221;color-strip-reveal&#8221; color=&#8221;Accent-Color&#8221; text=&#8221;Das Konstruktionsprinzip&#8221;][nectar_image_with_hotspots image=&#8221;2989&#8243; preview=&#8221;https:\/\/www.bochumer-verein.de\/wp-content\/uploads\/2018\/07\/gummigefedert_transparent.png&#8221; color_1=&#8221;Accent-Color&#8221; hotspot_icon=&#8221;numerical&#8221; tooltip=&#8221;hover&#8221; tooltip_shadow=&#8221;none&#8221;][nectar_hotspot left=&#8221;50.2273%&#8221; top=&#8221;17.0182%&#8221; position=&#8221;right&#8221;]<strong>Leicht durch spezialverg\u00fctete St\u00e4hle<\/strong> Einsatz hochfester Spezialst\u00e4hle f\u00fcr Radk\u00f6rper und Felgenringe. Bauform und Materialien sind auf Langlebigkeit und Gewichtsreduzierung ausgelegt[\/nectar_hotspot][nectar_hotspot left=&#8221;39.9077%&#8221; top=&#8221;48.4502%&#8221; position=&#8221;right&#8221;]<strong>Verdrehsichere Gummielemente<\/strong> &#8211; Individuell ausgelegte Gummielemente mit spezieller Longlife-Gummimischung f\u00fcr h\u00f6chste Dauer-Beanspruchung \u00fcber die gesamte Lebensdauer &#8211; Verdrehsicher durch hohe Vorspannung und passgenauen Zuschnitt[\/nectar_hotspot][nectar_hotspot left=&#8221;64.3599%&#8221; top=&#8221;69.6679%&#8221; position=&#8221;top&#8221;][\/nectar_hotspot][nectar_hotspot left=&#8221;46.2514%&#8221; top=&#8221;79.262%&#8221; position=&#8221;top&#8221;][\/nectar_hotspot][nectar_hotspot left=&#8221;31.832%&#8221; top=&#8221;31.2823%&#8221; position=&#8221;top&#8221;][\/nectar_hotspot][nectar_hotspot left=&#8221;67.8201%&#8221; top=&#8221;51.7712%&#8221; position=&#8221;top&#8221;][\/nectar_hotspot][\/nectar_image_with_hotspots][divider line_type=&#8221;No Line&#8221; custom_height=&#8221;60&#8243;][\/vc_column][\/vc_row][vc_row type=&#8221;in_container&#8221; full_screen_row_position=&#8221;middle&#8221; scene_position=&#8221;center&#8221; text_color=&#8221;dark&#8221; text_align=&#8221;left&#8221; overlay_strength=&#8221;0.3&#8243; shape_divider_position=&#8221;bottom&#8221; shape_type=&#8221;&#8221;][vc_column column_padding=&#8221;no-extra-padding&#8221; column_padding_position=&#8221;all&#8221; background_color_opacity=&#8221;1&#8243; background_hover_color_opacity=&#8221;1&#8243; column_shadow=&#8221;none&#8221; column_border_radius=&#8221;none&#8221; top_margin=&#8221;40&#8243; width=&#8221;1\/1&#8243; tablet_text_alignment=&#8221;default&#8221; phone_text_alignment=&#8221;default&#8221; column_border_width=&#8221;none&#8221; column_border_style=&#8221;solid&#8221;][nectar_animated_title heading_tag=&#8221;h2&#8243; style=&#8221;color-strip-reveal&#8221; color=&#8221;Accent-Color&#8221; text=&#8221;Auswahl an bisher gefertigen Radtypen&#8221;][\/vc_column][\/vc_row][vc_row type=&#8221;in_container&#8221; full_screen_row_position=&#8221;middle&#8221; scene_position=&#8221;center&#8221; text_color=&#8221;dark&#8221; text_align=&#8221;left&#8221; overlay_strength=&#8221;0.3&#8243; shape_divider_position=&#8221;bottom&#8221; shape_type=&#8221;&#8221;][vc_column column_padding=&#8221;no-extra-padding&#8221; column_padding_position=&#8221;all&#8221; background_color_opacity=&#8221;1&#8243; background_hover_color_opacity=&#8221;1&#8243; column_shadow=&#8221;none&#8221; column_border_radius=&#8221;none&#8221; width=&#8221;1\/2&#8243; tablet_text_alignment=&#8221;default&#8221; phone_text_alignment=&#8221;default&#8221; column_border_width=&#8221;none&#8221; column_border_style=&#8221;solid&#8221;][image_with_animation image_url=&#8221;2898&#8243; alignment=&#8221;&#8221; animation=&#8221;Fade In&#8221; border_radius=&#8221;none&#8221; box_shadow=&#8221;none&#8221; max_width=&#8221;100%&#8221;][image_with_animation image_url=&#8221;2898&#8243; alignment=&#8221;&#8221; animation=&#8221;Fade In&#8221; border_radius=&#8221;none&#8221; box_shadow=&#8221;none&#8221; max_width=&#8221;100%&#8221;][\/vc_column][vc_column column_padding=&#8221;no-extra-padding&#8221; column_padding_position=&#8221;all&#8221; background_color_opacity=&#8221;1&#8243; background_hover_color_opacity=&#8221;1&#8243; column_shadow=&#8221;none&#8221; column_border_radius=&#8221;none&#8221; width=&#8221;1\/2&#8243; tablet_text_alignment=&#8221;default&#8221; phone_text_alignment=&#8221;default&#8221; column_border_width=&#8221;none&#8221; column_border_style=&#8221;solid&#8221;][vc_column_text]\n<h3><strong>Bo 54 und Bo 011 <\/strong><\/h3>\n<p>Beide Radtypen folgen dem Konstruktionsprinzip des \u201eUr-Typs\u201c des gummigefederten BVV-Rades und kommt mit der geringstm\u00f6glichen Zahl an Bauteilen aus: Radfelge, Radreifen und Gummifederung. Felgenringe und zus\u00e4tzliche Sicherungsschrauben zur Fixierung der Gummifederung entfallen hierbei, die Montage des Radreifens erfolgt mit einer speziellen Einpressvorrichtung.<\/p>\n<p>Unverwechselbarer Kern der Konstruktion sind die &#8211; je nach Anwendung individuell gestalteten &#8211; Gummielemente. Hoch vorgespannt und verdrehsicher zwischen Reifen und Felge platziert federn sie entsprechend der Kundenvorgaben und reduzieren Ger\u00e4uschentwicklung und K\u00f6rperschall.<\/p>\n<p>Beide Radtypen eignen sich besonders f\u00fcr eingeschr\u00e4nkte Raumverh\u00e4ltnissen und sind jederzeit nach kundenspezifischen Vorgaben individuell anpassbar. So wurde bei Bo 011 durch die deutliche Erh\u00f6hung der vertikalen Federwege der Sto\u00dfabbau nochmals deutlich verbessert. Das macht die R\u00e4der auch f\u00fcr besonders kritische Fahrwege sehr gut geeignet.<\/p>\n<p><strong>Bitte sprechen Sie mit uns \u00fcber Ihre speziellen Anforderungen.<\/strong>[\/vc_column_text][\/vc_column][\/vc_row][vc_row type=&#8221;in_container&#8221; full_screen_row_position=&#8221;middle&#8221; scene_position=&#8221;center&#8221; text_color=&#8221;dark&#8221; text_align=&#8221;left&#8221; overlay_strength=&#8221;0.3&#8243; shape_divider_position=&#8221;bottom&#8221; shape_type=&#8221;&#8221;][vc_column column_padding=&#8221;no-extra-padding&#8221; column_padding_position=&#8221;all&#8221; background_color_opacity=&#8221;1&#8243; background_hover_color_opacity=&#8221;1&#8243; column_shadow=&#8221;none&#8221; column_border_radius=&#8221;none&#8221; width=&#8221;1\/2&#8243; tablet_text_alignment=&#8221;default&#8221; phone_text_alignment=&#8221;default&#8221; column_border_width=&#8221;none&#8221; column_border_style=&#8221;solid&#8221;][vc_column_text]\n<h3>Bo 84, Bo 2000, Bo 06<\/h3>\n<p>Bei diesen Radtypen sorgt ein Radfelgenring &#8211; mit der Felge durch einen kegligen Pressverband kraftschl\u00fcssig verbunden &#8211; f\u00fcr den verdrehsicheren Sitz der Gummielemente. Der besondere Vorteil dieser Bauart ist die vereinfachte Montage\/Demontage der Radreifen direkt am Fahrzeug zur Reduzierung der Wartungskosten.<\/p>\n<p>Die Schrauben dienen im \u00dcbrigen nur als zus\u00e4tzliches Sicherungselement. Die \u00dcbertragung der Betriebsbeanspruchungen erfolgt durch den kegligen Pressverband.<\/p>\n<p>Die von Aufbau her grunds\u00e4tzlich gleichen Radtypen unterscheiden sich vor allem hinsichtlich der Belastungsf\u00e4higkeit und der erh\u00f6hten Federsteifigkeit.<\/p>\n<p>Nat\u00fcrlich l\u00e4sst sich auch dieser Radtyp individuell auf jedem Anwendungsfall anpassen und weiterentwickeln. Bitte sprechen Sie mit uns \u00fcber Ihre speziellen Anforderungen.[\/vc_column_text][\/vc_column][vc_column column_padding=&#8221;no-extra-padding&#8221; column_padding_position=&#8221;all&#8221; background_color_opacity=&#8221;1&#8243; background_hover_color_opacity=&#8221;1&#8243; column_shadow=&#8221;none&#8221; column_border_radius=&#8221;none&#8221; width=&#8221;1\/2&#8243; tablet_text_alignment=&#8221;default&#8221; phone_text_alignment=&#8221;default&#8221; column_border_width=&#8221;none&#8221; column_border_style=&#8221;solid&#8221;][image_with_animation image_url=&#8221;2898&#8243; alignment=&#8221;&#8221; animation=&#8221;Fade In&#8221; border_radius=&#8221;none&#8221; box_shadow=&#8221;none&#8221; max_width=&#8221;100%&#8221;][\/vc_column][\/vc_row][vc_row type=&#8221;full_width_background&#8221; full_screen_row_position=&#8221;middle&#8221; bg_image=&#8221;3003&#8243; bg_position=&#8221;center center&#8221; bg_repeat=&#8221;no-repeat&#8221; parallax_bg=&#8221;true&#8221; parallax_bg_speed=&#8221;slow&#8221; scene_position=&#8221;center&#8221; text_color=&#8221;light&#8221; text_align=&#8221;left&#8221; overlay_strength=&#8221;0.3&#8243; shape_divider_position=&#8221;bottom&#8221; shape_type=&#8221;&#8221;][vc_column column_padding=&#8221;no-extra-padding&#8221; column_padding_position=&#8221;all&#8221; background_color_opacity=&#8221;1&#8243; background_hover_color_opacity=&#8221;1&#8243; column_shadow=&#8221;none&#8221; column_border_radius=&#8221;none&#8221; width=&#8221;1\/1&#8243; tablet_text_alignment=&#8221;default&#8221; phone_text_alignment=&#8221;default&#8221; column_border_width=&#8221;none&#8221; column_border_style=&#8221;solid&#8221;][divider line_type=&#8221;No Line&#8221; custom_height=&#8221;60&#8243;][nectar_animated_title heading_tag=&#8221;h2&#8243; style=&#8221;color-strip-reveal&#8221; color=&#8221;Accent-Color&#8221; text=&#8221;Wie d\u00fcrfen wir Ihr Rad bauen?&#8221;][vc_column_text]Jedes Strecken- und Wagenformat stellt anders Herausforderungen an R\u00e4der und Rads\u00e4tze.<br \/>\nDeshalb sind die gezeigten Radtypen kein Standard-Angebot, an das Sie sich anpassen m\u00fcssten,<br \/>\nsondern Muster, die Sie gemeinsam mit uns individuell gestalten und weiter ausbauen k\u00f6nnen.<\/p>\n<p><strong>Bitte sprechen Sie uns darauf an.<\/strong>[\/vc_column_text][nectar_image_with_hotspots image=&#8221;2989&#8243; preview=&#8221;https:\/\/www.bochumer-verein.de\/wp-content\/uploads\/2018\/07\/gummigefedert_transparent.png&#8221; color_1=&#8221;Accent-Color&#8221; hotspot_icon=&#8221;numerical&#8221; tooltip=&#8221;hover&#8221; tooltip_shadow=&#8221;none&#8221;][nectar_hotspot left=&#8221;50.2273%&#8221; top=&#8221;17.0182%&#8221; position=&#8221;right&#8221;]<strong>Leicht durch spezialverg\u00fctete St\u00e4hle<\/strong> Einsatz hochfester Spezialst\u00e4hle f\u00fcr Radk\u00f6rper und Felgenringe. Bauform und Materialien sind auf Langlebigkeit und Gewichtsreduzierung ausgelegt[\/nectar_hotspot][nectar_hotspot left=&#8221;39.9077%&#8221; top=&#8221;48.4502%&#8221; position=&#8221;right&#8221;]<strong>Verdrehsichere Gummielemente<\/strong> &#8211; Individuell ausgelegte Gummielemente mit spezieller Longlife-Gummimischung f\u00fcr h\u00f6chste Dauer-Beanspruchung \u00fcber die gesamte Lebensdauer &#8211; Verdrehsicher durch hohe Vorspannung und passgenauen Zuschnitt[\/nectar_hotspot][nectar_hotspot left=&#8221;64.3599%&#8221; top=&#8221;69.6679%&#8221; position=&#8221;top&#8221;][\/nectar_hotspot][nectar_hotspot left=&#8221;46.2514%&#8221; top=&#8221;79.262%&#8221; position=&#8221;top&#8221;][\/nectar_hotspot][nectar_hotspot left=&#8221;31.832%&#8221; top=&#8221;31.2823%&#8221; position=&#8221;top&#8221;][\/nectar_hotspot][nectar_hotspot left=&#8221;67.8201%&#8221; top=&#8221;51.7712%&#8221; position=&#8221;top&#8221;][\/nectar_hotspot][\/nectar_image_with_hotspots][divider line_type=&#8221;No Line&#8221; custom_height=&#8221;60&#8243;][\/vc_column][\/vc_row]","protected":false},"excerpt":{"rendered":"<p>[vc_row type=&#8221;full_width_background&#8221; full_screen_row_position=&#8221;middle&#8221; bg_image=&#8221;7&#8243; bg_position=&#8221;left top&#8221; bg_repeat=&#8221;no-repeat&#8221; scene_position=&#8221;center&#8221; text_color=&#8221;dark&#8221; text_align=&#8221;left&#8221; top_padding=&#8221;11%&#8221; overlay_strength=&#8221;0.3&#8243; shape_divider_position=&#8221;bottom&#8221; shape_type=&#8221;&#8221;][vc_column column_padding=&#8221;no-extra-padding&#8221; column_padding_position=&#8221;all&#8221; background_color_opacity=&#8221;1&#8243; background_hover_color_opacity=&#8221;1&#8243; column_shadow=&#8221;none&#8221; column_border_radius=&#8221;none&#8221; width=&#8221;2\/3&#8243; tablet_text_alignment=&#8221;default&#8221; phone_text_alignment=&#8221;default&#8221; column_border_width=&#8221;none&#8221; column_border_style=&#8221;solid&#8221;][image_with_animation image_url=&#8221;2963&#8243; alignment=&#8221;&#8221; animation=&#8221;Fade In&#8221; border_radius=&#8221;none&#8221;&#8230;<\/p>\n","protected":false},"author":2,"featured_media":0,"parent":0,"menu_order":0,"comment_status":"closed","ping_status":"closed","template":"","meta":{"_bbp_topic_count":0,"_bbp_reply_count":0,"_bbp_total_topic_count":0,"_bbp_total_reply_count":0,"_bbp_voice_count":0,"_bbp_anonymous_reply_count":0,"_bbp_topic_count_hidden":0,"_bbp_reply_count_hidden":0,"_bbp_forum_subforum_count":0,"footnotes":""},"class_list":["post-3414","page","type-page","status-publish"],"_links":{"self":[{"href":"https:\/\/bt-be.de\/en\/wp-json\/wp\/v2\/pages\/3414","targetHints":{"allow":["GET"]}}],"collection":[{"href":"https:\/\/bt-be.de\/en\/wp-json\/wp\/v2\/pages"}],"about":[{"href":"https:\/\/bt-be.de\/en\/wp-json\/wp\/v2\/types\/page"}],"author":[{"embeddable":true,"href":"https:\/\/bt-be.de\/en\/wp-json\/wp\/v2\/users\/2"}],"replies":[{"embeddable":true,"href":"https:\/\/bt-be.de\/en\/wp-json\/wp\/v2\/comments?post=3414"}],"version-history":[{"count":1,"href":"https:\/\/bt-be.de\/en\/wp-json\/wp\/v2\/pages\/3414\/revisions"}],"predecessor-version":[{"id":3415,"href":"https:\/\/bt-be.de\/en\/wp-json\/wp\/v2\/pages\/3414\/revisions\/3415"}],"wp:attachment":[{"href":"https:\/\/bt-be.de\/en\/wp-json\/wp\/v2\/media?parent=3414"}],"curies":[{"name":"wp","href":"https:\/\/api.w.org\/{rel}","templated":true}]}}