{"id":5274,"date":"2019-02-14T15:19:01","date_gmt":"2019-02-14T14:19:01","guid":{"rendered":"https:\/\/www.bochumer-verein.de\/?page_id=5274"},"modified":"2019-04-04T13:40:08","modified_gmt":"2019-04-04T11:40:08","slug":"reklamation","status":"publish","type":"page","link":"https:\/\/bt-be.de\/en\/reklamation\/","title":{"rendered":"Assessment"},"content":{"rendered":"[vc_row type=&#8221;in_container&#8221; full_screen_row_position=&#8221;middle&#8221; scene_position=&#8221;center&#8221; text_color=&#8221;dark&#8221; text_align=&#8221;left&#8221; overlay_strength=&#8221;0.3&#8243; shape_divider_position=&#8221;bottom&#8221;][vc_column column_padding=&#8221;no-extra-padding&#8221; column_padding_position=&#8221;all&#8221; background_color_opacity=&#8221;1&#8243; background_hover_color_opacity=&#8221;1&#8243; column_shadow=&#8221;none&#8221; column_border_radius=&#8221;none&#8221; width=&#8221;1\/1&#8243; tablet_text_alignment=&#8221;default&#8221; phone_text_alignment=&#8221;default&#8221; column_border_width=&#8221;none&#8221; column_border_style=&#8221;solid&#8221;][vc_column_text]\n<h1>Welcome to the Bochumer Verein account for inqueries and complaints.<\/h1>\n<p>With the form below, you have the opportunity to report your complaint to our Complaints department. To do this, we need specific product information.<\/p>\n<p>Please have the following information ready:<\/p>\n<p>(i) Delivery Note Number<br \/>\nCover sheet of your delivery note<\/p>\n<p>(i) Product ID<br \/>\nYour Product ID would be your batch number, assembly number or your wheelset number.<\/p>\n<p>Please fill in the contact form below, we will get in touch with you as soon as possible.[\/vc_column_text][\/vc_column][\/vc_row][vc_row type=&#8221;in_container&#8221; full_screen_row_position=&#8221;middle&#8221; scene_position=&#8221;center&#8221; text_color=&#8221;dark&#8221; text_align=&#8221;left&#8221; overlay_strength=&#8221;0.3&#8243; shape_divider_position=&#8221;bottom&#8221;][vc_column column_padding=&#8221;no-extra-padding&#8221; column_padding_position=&#8221;all&#8221; background_color_opacity=&#8221;1&#8243; background_hover_color_opacity=&#8221;1&#8243; column_shadow=&#8221;none&#8221; column_border_radius=&#8221;none&#8221; width=&#8221;2\/3&#8243; tablet_text_alignment=&#8221;default&#8221; phone_text_alignment=&#8221;default&#8221; column_border_width=&#8221;none&#8221; column_border_style=&#8221;solid&#8221;]\n<div class=\"wpcf7 no-js\" id=\"wpcf7-f5273-o2\" lang=\"de-DE\" dir=\"ltr\" data-wpcf7-id=\"5273\">\n<div class=\"screen-reader-response\"><p role=\"status\" aria-live=\"polite\" aria-atomic=\"true\"><\/p> <ul><\/ul><\/div>\n<form action=\"\/en\/wp-json\/wp\/v2\/pages\/5274#wpcf7-f5273-o2\" method=\"post\" class=\"wpcf7-form init\" aria-label=\"Kontaktformular\" enctype=\"multipart\/form-data\" novalidate=\"novalidate\" data-status=\"init\">\n<fieldset class=\"hidden-fields-container\"><input type=\"hidden\" name=\"_wpcf7\" value=\"5273\" \/><input type=\"hidden\" name=\"_wpcf7_version\" value=\"6.1.1\" \/><input type=\"hidden\" name=\"_wpcf7_locale\" value=\"de_DE\" \/><input type=\"hidden\" name=\"_wpcf7_unit_tag\" value=\"wpcf7-f5273-o2\" \/><input type=\"hidden\" name=\"_wpcf7_container_post\" value=\"0\" \/><input type=\"hidden\" name=\"_wpcf7_posted_data_hash\" value=\"\" \/>\n<\/fieldset>\n<p>W\u00e4hlen Sie zun\u00e4chst die Art Ihrer Reklamation aus:\n<\/p>\n<p><span class=\"wpcf7-form-control-wrap\" data-name=\"menu-721\"><select class=\"wpcf7-form-control wpcf7-select\" aria-invalid=\"false\" name=\"menu-721\"><option value=\"\">&#8211; Bitte ausw\u00e4hlen &#8211;<\/option><option value=\"Fehlerhafte Lieferung\">Fehlerhafte Lieferung<\/option><option value=\"Materialschaden\">Materialschaden<\/option><option value=\"Verpackung\">Verpackung<\/option><option value=\"Lieferzeit\">Lieferzeit<\/option><\/select><\/span>\n<\/p>\n<p>F\u00fcr Ihre Reklamation ben\u00f6tigen wir einige Daten bez\u00fcglich Ihres Auftrages.<br \/>\nBitte tragen Sie dazu Ihre Angaben in den unten angegebenen Feldern ein. Nennen Sie dabei bitte mindestens eine von den unten genannten Referenznummern (Lieferscheinnummer, Produkt ID, Rechnungsnummer).\n<\/p>\n<p><label><a href=\"\" class=\"class-lieferschein\">(i)<\/a> Lieferschein Nr.<br \/>\n<span class=\"wpcf7-form-control-wrap\" data-name=\"your-lieferscheinnummer\"><input size=\"40\" maxlength=\"400\" class=\"wpcf7-form-control wpcf7-text wpcf7-validates-as-required\" aria-required=\"true\" aria-invalid=\"false\" value=\"\" type=\"text\" name=\"your-lieferscheinnummer\" \/><\/span> <\/label>\n<\/p>\n<p><label><a href=\"\" class=\"class-produktid\">(i)<\/a> Produkt ID<br \/>\n<span class=\"wpcf7-form-control-wrap\" data-name=\"your-Produktnummer\"><input size=\"40\" maxlength=\"400\" class=\"wpcf7-form-control wpcf7-text\" aria-invalid=\"false\" value=\"\" type=\"text\" name=\"your-Produktnummer\" \/><\/span> <\/label>\n<\/p>\n<p><label> Anrede<br \/>\n<span class=\"wpcf7-form-control-wrap\" data-name=\"menu-722\"><select class=\"wpcf7-form-control wpcf7-select wpcf7-validates-as-required\" aria-required=\"true\" aria-invalid=\"false\" name=\"menu-722\"><option value=\"\">&#8211; Bitte ausw\u00e4hlen &#8211;<\/option><option value=\"Herr\">Herr<\/option><option value=\"Frau\">Frau<\/option><option value=\"Diverse\">Diverse<\/option><\/select><\/span> <\/label>\n<\/p>\n<p><label> Name<br \/>\n<span class=\"wpcf7-form-control-wrap\" data-name=\"your-name\"><input size=\"40\" maxlength=\"400\" class=\"wpcf7-form-control wpcf7-text wpcf7-validates-as-required\" aria-required=\"true\" aria-invalid=\"false\" value=\"\" type=\"text\" name=\"your-name\" \/><\/span> <\/label>\n<\/p>\n<p><label> Vorname<br \/>\n<span class=\"wpcf7-form-control-wrap\" data-name=\"your-vorname\"><input size=\"40\" maxlength=\"400\" class=\"wpcf7-form-control wpcf7-text wpcf7-validates-as-required\" aria-required=\"true\" aria-invalid=\"false\" value=\"\" type=\"text\" name=\"your-vorname\" \/><\/span> <\/label>\n<\/p>\n<p><label><a href=\"\" class=\"class-email\">(i)<\/a> E-Mail-Adresse<br \/>\n<span class=\"wpcf7-form-control-wrap\" data-name=\"your-email\"><input size=\"40\" maxlength=\"400\" class=\"wpcf7-form-control wpcf7-email wpcf7-validates-as-required wpcf7-text wpcf7-validates-as-email\" aria-required=\"true\" aria-invalid=\"false\" value=\"\" type=\"email\" name=\"your-email\" \/><\/span> <\/label>\n<\/p>\n<p><label> Unternehmen<br \/>\n<span class=\"wpcf7-form-control-wrap\" data-name=\"your-unternehmen\"><input size=\"40\" maxlength=\"400\" class=\"wpcf7-form-control wpcf7-text wpcf7-validates-as-required\" aria-required=\"true\" aria-invalid=\"false\" value=\"\" type=\"text\" name=\"your-unternehmen\" \/><\/span> <\/label>\n<\/p>\n<p><label> Stra\u00dfe<br \/>\n<span class=\"wpcf7-form-control-wrap\" data-name=\"your-strasse\"><input size=\"40\" maxlength=\"400\" class=\"wpcf7-form-control wpcf7-text wpcf7-validates-as-required\" aria-required=\"true\" aria-invalid=\"false\" value=\"\" type=\"text\" name=\"your-strasse\" \/><\/span> <\/label>\n<\/p>\n<p><label> Postleitzahl<br \/>\n<span class=\"wpcf7-form-control-wrap\" data-name=\"your-postleitzahl\"><input size=\"40\" maxlength=\"400\" class=\"wpcf7-form-control wpcf7-text wpcf7-validates-as-required\" aria-required=\"true\" aria-invalid=\"false\" value=\"\" type=\"text\" name=\"your-postleitzahl\" \/><\/span> <\/label>\n<\/p>\n<p><label> Land<br \/>\n<span class=\"wpcf7-form-control-wrap\" data-name=\"your-land\"><input size=\"40\" maxlength=\"400\" class=\"wpcf7-form-control wpcf7-text wpcf7-validates-as-required\" aria-required=\"true\" aria-invalid=\"false\" value=\"\" type=\"text\" name=\"your-land\" \/><\/span> <\/label>\n<\/p>\n<p><label><a href=\"\" class=\"class-telefonnummer\">(i)<\/a> Telefon Nr.<br \/>\n<span class=\"wpcf7-form-control-wrap\" data-name=\"your-telefonnummer\"><input size=\"40\" maxlength=\"400\" class=\"wpcf7-form-control wpcf7-text wpcf7-validates-as-required\" aria-required=\"true\" aria-invalid=\"false\" value=\"\" type=\"text\" name=\"your-telefonnummer\" \/><\/span> <\/label>\n<\/p>\n<p><label> Ihre Nachricht an uns:<br \/>\n<span class=\"wpcf7-form-control-wrap\" data-name=\"your-text\"><input size=\"40\" maxlength=\"400\" class=\"wpcf7-form-control wpcf7-text\" aria-invalid=\"false\" value=\"\" type=\"text\" name=\"your-text\" \/><\/span> <\/label>\n<\/p>\n<p>Zur Dokumentation Ihrer Reklamationsanfrage haben Sie die M\u00f6glichkeit, weitere Dateien hinzuzuf\u00fcgen. Bitte nutzen Sie hierzu die Upload Funktion. Laden Sie folgende Dateiformate hoch: jpg. pdf. oder zip. (max. Datenvolumen: 20MB)\n<\/p>\n<p><label> Datei:<br \/>\n<span class=\"wpcf7-form-control-wrap\" data-name=\"your-datei\"><input size=\"40\" class=\"wpcf7-form-control wpcf7-file\" accept=\".jpg,.gif,.zip\" aria-invalid=\"false\" type=\"file\" name=\"your-datei\" \/><\/span> <\/label>\n<\/p>\n<p><label> <span class=\"wpcf7-form-control-wrap\" data-name=\"dsgvo\"><span class=\"wpcf7-form-control wpcf7-acceptance\"><span class=\"wpcf7-list-item\"><label><input type=\"checkbox\" name=\"dsgvo\" value=\"1\" aria-invalid=\"false\" \/><span class=\"wpcf7-list-item-label\">I agree that my details from the contact form will be collected and processed to answer my request. The data is stored for 10 years or deleted on request.\n\nNote: You can revoke your consent at any time for the future by e-mail to info@bochumer-verein.de. For detailed information on how to handle user information, please see our <a href=\"https:\/\/www.bochumer-verein.de\/datenschutz\/\"  > Privacy Policy <\/a>.<\/span><\/label><\/span><\/span><\/span><br \/>\n<\/label>\n<\/p>\n<p><input class=\"wpcf7-form-control wpcf7-submit has-spinner\" type=\"submit\" value=\"Senden\" \/>\n<\/p><input type='hidden' class='wpcf7-pum' value='{\"closepopup\":false,\"closedelay\":0,\"openpopup\":false,\"openpopup_id\":0}' \/><div class=\"wpcf7-response-output\" aria-hidden=\"true\"><\/div>\n<\/form>\n<\/div>\n[\/vc_column][vc_column column_padding=&#8221;padding-1-percent&#8221; column_padding_position=&#8221;all&#8221; background_color_opacity=&#8221;1&#8243; background_hover_color_opacity=&#8221;1&#8243; column_shadow=&#8221;none&#8221; column_border_radius=&#8221;none&#8221; width=&#8221;1\/3&#8243; tablet_text_alignment=&#8221;default&#8221; phone_text_alignment=&#8221;default&#8221; column_border_width=&#8221;2px&#8221; column_border_color=&#8221;#aaaaaa&#8221; column_border_style=&#8221;solid&#8221;][vc_column_text]\n<h2>Support<\/h2>\n<p>Bei Reklamationsfragen unterst\u00fctzt Sie unser Support<br \/>\nHerr Dennis Mieder<br \/>\nMontags bis Freitags<br \/>\n9:00 bis 17:00 Uhr<br \/>\nTelefon: +49 (0) 2234- 6891-460<\/p>\n<p>E-Mail: support(at)bochumer-verein.de[\/vc_column_text][\/vc_column][\/vc_row][vc_row type=&#8221;in_container&#8221; full_screen_row_position=&#8221;middle&#8221; scene_position=&#8221;center&#8221; text_color=&#8221;dark&#8221; text_align=&#8221;left&#8221; overlay_strength=&#8221;0.3&#8243; shape_divider_position=&#8221;bottom&#8221;][vc_column column_padding=&#8221;no-extra-padding&#8221; column_padding_position=&#8221;all&#8221; background_color_opacity=&#8221;1&#8243; background_hover_color_opacity=&#8221;1&#8243; column_shadow=&#8221;none&#8221; column_border_radius=&#8221;none&#8221; width=&#8221;2\/3&#8243; tablet_text_alignment=&#8221;default&#8221; phone_text_alignment=&#8221;default&#8221; column_border_width=&#8221;none&#8221; column_border_style=&#8221;solid&#8221;][toggles style=&#8221;default&#8221;][toggle color=&#8221;Default&#8221; title=&#8221;How do I receive support?&#8221;][vc_column_text]You can reach our Support Team directly via e-mail :\u00a0<a href=\"support@bochumer-verein.de\">support@bochumer-verein.de<\/a><\/p>\n[\/vc_column_text][\/toggle][toggle color=&#8221;Default&#8221; title=&#8221; What kind of information\/documents should I provide?&#8221;][vc_column_text]For your assessment, please\u00a0have the cover sheet of your delivery note ready\u00a0. The delivery note number as well as your product ID can be found on the first page. In addition, you can click on the &#8220;i&#8221;\u00a0to receive further information on the following terms\u00a0: Delivery Number and Product ID[\/vc_column_text][\/toggle][toggle color=&#8221;Default&#8221; title=&#8221;Where do I find the delivery note number?&#8221;][vc_column_text]<img loading=\"lazy\" decoding=\"async\" class=\"alignnone size-medium wp-image-5332\" src=\"https:\/\/www.bochumer-verein.de\/wp-content\/uploads\/2019\/04\/Screenshot_Deckblatt_Lieferschein.engl_-300x207.png\" alt=\"\" width=\"300\" height=\"207\" srcset=\"https:\/\/bt-be.de\/wp-content\/uploads\/2019\/04\/Screenshot_Deckblatt_Lieferschein.engl_-300x207.png 300w, https:\/\/bt-be.de\/wp-content\/uploads\/2019\/04\/Screenshot_Deckblatt_Lieferschein.engl_-768x529.png 768w, https:\/\/bt-be.de\/wp-content\/uploads\/2019\/04\/Screenshot_Deckblatt_Lieferschein.engl_.png 807w\" sizes=\"auto, (max-width: 300px) 100vw, 300px\" \/><\/p>\n<p>You can find the delivery note number on your inspection certificate.<br \/>\nThe number can be found in the upper right text block of the cover sheet.[\/vc_column_text][vc_column_text][\/vc_column_text][\/toggle][toggle color=&#8221;Default&#8221; title=&#8221;Where can I find the Product ID?&#8221;][vc_column_text]<img loading=\"lazy\" decoding=\"async\" class=\"alignnone size-medium wp-image-5362\" src=\"https:\/\/www.bochumer-verein.de\/wp-content\/uploads\/2019\/04\/Screenshot_Deckblatt_Chargennr.engl_-300x136.png\" alt=\"\" width=\"300\" height=\"136\" srcset=\"https:\/\/bt-be.de\/wp-content\/uploads\/2019\/04\/Screenshot_Deckblatt_Chargennr.engl_-300x136.png 300w, https:\/\/bt-be.de\/wp-content\/uploads\/2019\/04\/Screenshot_Deckblatt_Chargennr.engl_-768x348.png 768w, https:\/\/bt-be.de\/wp-content\/uploads\/2019\/04\/Screenshot_Deckblatt_Chargennr.engl_-1024x465.png 1024w, https:\/\/bt-be.de\/wp-content\/uploads\/2019\/04\/Screenshot_Deckblatt_Chargennr.engl_.png 1790w\" sizes=\"auto, (max-width: 300px) 100vw, 300px\" \/><\/p>\n<p>Please enter the batch number, the assembly number or the wheelset number. These can\u00a0be found on the cover sheet of your delivery note.[\/vc_column_text][\/toggle][toggle color=&#8221;Default&#8221; title=&#8221; What happens after having sent your complaint?&#8221;][vc_column_text]After having sent an assessment, you will receive our acknowledgement via e-mail, in which you will find an overview on your sent data as well as a notification on how we are working on improving your demand.<br \/>\nA staff member responsible for your complaint request will then contact you and provide you with further information as your request progresses.[\/vc_column_text][\/toggle][\/toggles][\/vc_column][vc_column column_padding=&#8221;no-extra-padding&#8221; column_padding_position=&#8221;all&#8221; background_color_opacity=&#8221;1&#8243; background_hover_color_opacity=&#8221;1&#8243; column_shadow=&#8221;none&#8221; column_border_radius=&#8221;none&#8221; width=&#8221;1\/3&#8243; tablet_text_alignment=&#8221;default&#8221; phone_text_alignment=&#8221;default&#8221; column_border_width=&#8221;none&#8221; column_border_style=&#8221;solid&#8221;][\/vc_column][\/vc_row]","protected":false},"excerpt":{"rendered":"<p>[vc_row type=&#8221;in_container&#8221; full_screen_row_position=&#8221;middle&#8221; scene_position=&#8221;center&#8221; text_color=&#8221;dark&#8221; text_align=&#8221;left&#8221; overlay_strength=&#8221;0.3&#8243; shape_divider_position=&#8221;bottom&#8221;][vc_column column_padding=&#8221;no-extra-padding&#8221; column_padding_position=&#8221;all&#8221; background_color_opacity=&#8221;1&#8243; background_hover_color_opacity=&#8221;1&#8243; column_shadow=&#8221;none&#8221; column_border_radius=&#8221;none&#8221; width=&#8221;1\/1&#8243; tablet_text_alignment=&#8221;default&#8221; phone_text_alignment=&#8221;default&#8221; column_border_width=&#8221;none&#8221; column_border_style=&#8221;solid&#8221;][vc_column_text] Welcome to the Bochumer Verein account for inqueries and complaints. With&#8230;<\/p>\n","protected":false},"author":28,"featured_media":0,"parent":0,"menu_order":0,"comment_status":"closed","ping_status":"closed","template":"","meta":{"_bbp_topic_count":0,"_bbp_reply_count":0,"_bbp_total_topic_count":0,"_bbp_total_reply_count":0,"_bbp_voice_count":0,"_bbp_anonymous_reply_count":0,"_bbp_topic_count_hidden":0,"_bbp_reply_count_hidden":0,"_bbp_forum_subforum_count":0,"footnotes":""},"class_list":["post-5274","page","type-page","status-publish"],"_links":{"self":[{"href":"https:\/\/bt-be.de\/en\/wp-json\/wp\/v2\/pages\/5274","targetHints":{"allow":["GET"]}}],"collection":[{"href":"https:\/\/bt-be.de\/en\/wp-json\/wp\/v2\/pages"}],"about":[{"href":"https:\/\/bt-be.de\/en\/wp-json\/wp\/v2\/types\/page"}],"author":[{"embeddable":true,"href":"https:\/\/bt-be.de\/en\/wp-json\/wp\/v2\/users\/28"}],"replies":[{"embeddable":true,"href":"https:\/\/bt-be.de\/en\/wp-json\/wp\/v2\/comments?post=5274"}],"version-history":[{"count":52,"href":"https:\/\/bt-be.de\/en\/wp-json\/wp\/v2\/pages\/5274\/revisions"}],"predecessor-version":[{"id":5385,"href":"https:\/\/bt-be.de\/en\/wp-json\/wp\/v2\/pages\/5274\/revisions\/5385"}],"wp:attachment":[{"href":"https:\/\/bt-be.de\/en\/wp-json\/wp\/v2\/media?parent=5274"}],"curies":[{"name":"wp","href":"https:\/\/api.w.org\/{rel}","templated":true}]}}