{"id":5748,"date":"2020-07-09T10:21:15","date_gmt":"2020-07-09T08:21:15","guid":{"rendered":"https:\/\/www.bochumer-verein.de\/?page_id=5748"},"modified":"2020-09-25T09:12:06","modified_gmt":"2020-09-25T07:12:06","slug":"btbe-ringe","status":"publish","type":"page","link":"https:\/\/bt-be.de\/en\/bt-be\/btbe-ringe\/","title":{"rendered":"BTBE Rings"},"content":{"rendered":"[vc_row type=&#8221;in_container&#8221; full_screen_row_position=&#8221;middle&#8221; scene_position=&#8221;center&#8221; text_color=&#8221;dark&#8221; text_align=&#8221;left&#8221; overlay_strength=&#8221;0.3&#8243; shape_divider_position=&#8221;bottom&#8221;][vc_column column_padding=&#8221;no-extra-padding&#8221; column_padding_position=&#8221;all&#8221; background_color_opacity=&#8221;1&#8243; background_hover_color_opacity=&#8221;1&#8243; column_shadow=&#8221;none&#8221; column_border_radius=&#8221;none&#8221; width=&#8221;1\/1&#8243; tablet_text_alignment=&#8221;default&#8221; phone_text_alignment=&#8221;default&#8221; column_border_width=&#8221;none&#8221; column_border_style=&#8221;solid&#8221;][divider line_type=&#8221;No Line&#8221;][vc_column_text]\n<h1>Our Offer<\/h1>\n[\/vc_column_text][divider line_type=&#8221;No Line&#8221;][\/vc_column][\/vc_row][vc_row type=&#8221;in_container&#8221; full_screen_row_position=&#8221;middle&#8221; scene_position=&#8221;center&#8221; text_color=&#8221;dark&#8221; text_align=&#8221;left&#8221; overlay_strength=&#8221;0.3&#8243; shape_divider_position=&#8221;bottom&#8221;][vc_column column_padding=&#8221;no-extra-padding&#8221; column_padding_position=&#8221;all&#8221; background_color_opacity=&#8221;1&#8243; background_hover_color_opacity=&#8221;1&#8243; column_shadow=&#8221;none&#8221; column_border_radius=&#8221;none&#8221; width=&#8221;1\/2&#8243; tablet_text_alignment=&#8221;default&#8221; phone_text_alignment=&#8221;default&#8221; column_border_width=&#8221;none&#8221; column_border_style=&#8221;solid&#8221;][vc_column_text]F\u00fcr einen breit gef\u00e4cherten Kundenkreis mit anspruchsvollen Anforderungen an den modernen Maschinenbau erzeugen wir Freiformschmiedest\u00fccke, Radsatzwellen, andere glatte und abgesetzte Wellen, Scheiben sowie nahtlos mit Pr\u00e4zision gewalzte Ringe.<br \/>\nWir fertigen nach Kundenw\u00fcnschen und bieten unseren Kunden intelligente L\u00f6sungen f\u00fcr fertigungsgerechte Konstruktionen.<br \/>\nHierf\u00fcr stehen uns moderne Maschinen und kompetente Mitarbeiter\/-innen zur Verf\u00fcgung, die nach allen Regeln der Kunst unsere Langschmiedemaschine, die Freiformschmiede, das Ringwalzwerk, und die Maschinen f\u00fcr das Kopf- und Spitzendrehen bedienen.<\/p>\n<p>Einen \u00dcberblick \u00fcber unser Leistungsangebot finden Sie rechts in der \u00dcbersicht.[\/vc_column_text][\/vc_column][vc_column column_padding=&#8221;no-extra-padding&#8221; column_padding_position=&#8221;all&#8221; background_color_opacity=&#8221;1&#8243; background_hover_color_opacity=&#8221;1&#8243; column_shadow=&#8221;none&#8221; column_border_radius=&#8221;none&#8221; width=&#8221;1\/2&#8243; tablet_text_alignment=&#8221;default&#8221; phone_text_alignment=&#8221;default&#8221; column_border_width=&#8221;none&#8221; column_border_style=&#8221;solid&#8221;]<div class=\"nectar-fancy-ul\" data-list-icon=\"icon-salient-thin-line\" data-animation=\"true\" data-animation-delay=\"0\" data-color=\"accent-color\" data-spacing=\"default\" data-alignment=\"left\"> \n<ul>\n<li><strong>Ringe:<\/strong> Mit einer hydraulischen Presse fertigen wir Ringrohlinge, die wir auf unserem Ringwalzwerk RAW 63\/63\u2013NC 1.600\/380 mit sehr geringen Toleranzen nach unserer Werksnorm zu nahtlosen Ringen walzen<\/li>\n<li><strong>Wellen von der Langschmiedemaschine:<\/strong> Wir stellen auf diesem Aggregat vornehmlich Radsatzwellen f\u00fcr den modernen schienengebundenen Nah- und Fernverkehr her, aber auch andere glatte und abgesetzte Wellen. Diese Teile werden dann in unserer Werkstatt f\u00fcr mechanische Bearbeitung vorgedreht und teilweise fertig bearbeitet.<\/li>\n<li><strong>Scheiben<\/strong><\/li>\n<li><strong>Freiformschmiedest\u00fccke<\/strong><\/li>\n<li><strong>Spitzen- und Kopfdrehen:<\/strong> Zus\u00e4tzlich stehen uns f\u00fcr Hohlbohr- und Fr\u00e4sarbeiten langj\u00e4hrig bew\u00e4hrte Partner zur Seite, die es uns erm\u00f6glichen, auch fertig bearbeitete Teile (ring- oder wellenf\u00f6rmig) an Sie zu liefern. Bitte sprechen Sie uns hierzu an.<\/li>\n<\/ul>\n <\/div>[vc_column_text]\n<h5>Bitte sprechen Sie uns an, um genaue Abmessungen oder individuelle W\u00fcnsche zu besprechen. Wir finden eine L\u00f6sung, die auf Sie und Ihr Unternehmen passt!<\/h5>\n[\/vc_column_text][\/vc_column][\/vc_row]","protected":false},"excerpt":{"rendered":"<p>[vc_row type=&#8221;in_container&#8221; full_screen_row_position=&#8221;middle&#8221; scene_position=&#8221;center&#8221; text_color=&#8221;dark&#8221; text_align=&#8221;left&#8221; overlay_strength=&#8221;0.3&#8243; shape_divider_position=&#8221;bottom&#8221;][vc_column column_padding=&#8221;no-extra-padding&#8221; column_padding_position=&#8221;all&#8221; background_color_opacity=&#8221;1&#8243; background_hover_color_opacity=&#8221;1&#8243; column_shadow=&#8221;none&#8221; column_border_radius=&#8221;none&#8221; width=&#8221;1\/1&#8243; tablet_text_alignment=&#8221;default&#8221; phone_text_alignment=&#8221;default&#8221; column_border_width=&#8221;none&#8221; column_border_style=&#8221;solid&#8221;][divider line_type=&#8221;No Line&#8221;][vc_column_text] Our Offer [\/vc_column_text][divider line_type=&#8221;No Line&#8221;][\/vc_column][\/vc_row][vc_row type=&#8221;in_container&#8221; full_screen_row_position=&#8221;middle&#8221; scene_position=&#8221;center&#8221; text_color=&#8221;dark&#8221;&#8230;<\/p>\n","protected":false},"author":28,"featured_media":0,"parent":5636,"menu_order":0,"comment_status":"closed","ping_status":"closed","template":"","meta":{"_bbp_topic_count":0,"_bbp_reply_count":0,"_bbp_total_topic_count":0,"_bbp_total_reply_count":0,"_bbp_voice_count":0,"_bbp_anonymous_reply_count":0,"_bbp_topic_count_hidden":0,"_bbp_reply_count_hidden":0,"_bbp_forum_subforum_count":0,"footnotes":""},"class_list":["post-5748","page","type-page","status-publish"],"_links":{"self":[{"href":"https:\/\/bt-be.de\/en\/wp-json\/wp\/v2\/pages\/5748","targetHints":{"allow":["GET"]}}],"collection":[{"href":"https:\/\/bt-be.de\/en\/wp-json\/wp\/v2\/pages"}],"about":[{"href":"https:\/\/bt-be.de\/en\/wp-json\/wp\/v2\/types\/page"}],"author":[{"embeddable":true,"href":"https:\/\/bt-be.de\/en\/wp-json\/wp\/v2\/users\/28"}],"replies":[{"embeddable":true,"href":"https:\/\/bt-be.de\/en\/wp-json\/wp\/v2\/comments?post=5748"}],"version-history":[{"count":13,"href":"https:\/\/bt-be.de\/en\/wp-json\/wp\/v2\/pages\/5748\/revisions"}],"predecessor-version":[{"id":7959,"href":"https:\/\/bt-be.de\/en\/wp-json\/wp\/v2\/pages\/5748\/revisions\/7959"}],"up":[{"embeddable":true,"href":"https:\/\/bt-be.de\/en\/wp-json\/wp\/v2\/pages\/5636"}],"wp:attachment":[{"href":"https:\/\/bt-be.de\/en\/wp-json\/wp\/v2\/media?parent=5748"}],"curies":[{"name":"wp","href":"https:\/\/api.w.org\/{rel}","templated":true}]}}